{"id":990271,"date":"2025-11-13T20:47:38","date_gmt":"2025-11-13T20:47:38","guid":{"rendered":"https:\/\/gwtest.eu\/poland\/"},"modified":"2026-02-04T23:48:08","modified_gmt":"2026-02-04T23:48:08","slug":"poland","status":"publish","type":"page","link":"https:\/\/gwtest.eu\/en\/poland\/","title":{"rendered":"Poland"},"content":{"rendered":"\t\t<div data-elementor-type=\"wp-page\" data-elementor-id=\"990271\" class=\"elementor elementor-990271 elementor-989465\" data-elementor-post-type=\"page\">\n\t\t\t\t<div class=\"elementor-element elementor-element-ae590c9 e-flex e-con-boxed e-con e-parent\" data-id=\"ae590c9\" data-element_type=\"container\" data-e-type=\"container\">\n\t\t\t\t\t<div class=\"e-con-inner\">\n\t\t<div class=\"elementor-element elementor-element-d2a34a5 e-con-full e-flex e-con e-child\" data-id=\"d2a34a5\" data-element_type=\"container\" data-e-type=\"container\">\n\t\t\t\t<div class=\"elementor-element elementor-element-0430a27 animated-fast elementor-invisible elementor-widget elementor-widget-heading\" data-id=\"0430a27\" data-element_type=\"widget\" data-e-type=\"widget\" data-settings=\"{&quot;_animation&quot;:&quot;fadeIn&quot;,&quot;_animation_delay&quot;:50}\" data-widget_type=\"heading.default\">\n\t\t\t\t<div class=\"elementor-widget-container\">\n\t\t\t\t\t<h1 class=\"elementor-heading-title elementor-size-default\">viridiusLAB partner laboratories in Poland\n<\/h1>\t\t\t\t<\/div>\n\t\t\t\t<\/div>\n\t\t\t\t<div class=\"elementor-element elementor-element-906566f elementor-widget__width-inherit elementor-widget elementor-widget-text-editor\" data-id=\"906566f\" data-element_type=\"widget\" data-e-type=\"widget\" data-widget_type=\"text-editor.default\">\n\t\t\t\t<div class=\"elementor-widget-container\">\n\t\t\t\t\t\t\t\t\t<p>Poland strengthens the viridiusLAB network with high-performance laboratories that offer a wide range of modern testing and measurement services &#8211; from environmental and soil analysis to industrial and material testing and microbiological tests. All partner laboratories work according to international standards such as DIN EN ISO\/IEC 17025 and guarantee exact, traceable and guideline-compliant results for industry, research and public institutions.<\/p>\t\t\t\t\t\t\t\t<\/div>\n\t\t\t\t<\/div>\n\t\t\t\t<\/div>\n\t\t\t\t\t<\/div>\n\t\t\t\t<\/div>\n\t\t<div class=\"elementor-element elementor-element-2e5d8fc e-con-full e-flex e-con e-parent\" data-id=\"2e5d8fc\" data-element_type=\"container\" data-e-type=\"container\">\n\t\t<div class=\"elementor-element elementor-element-479c1be e-flex e-con-boxed e-con e-child\" data-id=\"479c1be\" data-element_type=\"container\" data-e-type=\"container\" data-settings=\"{&quot;background_background&quot;:&quot;classic&quot;}\">\n\t\t\t\t\t<div class=\"e-con-inner\">\n\t\t\t\t<div class=\"elementor-element elementor-element-4c074bb elementor-grid-3 elementor-grid-tablet-2 elementor-grid-mobile-1 elementor-widget elementor-widget-loop-grid\" data-id=\"4c074bb\" data-element_type=\"widget\" data-e-type=\"widget\" id=\"lab-card\" data-settings=\"{&quot;template_id&quot;:990197,&quot;columns&quot;:3,&quot;row_gap&quot;:{&quot;unit&quot;:&quot;px&quot;,&quot;size&quot;:100,&quot;sizes&quot;:[]},&quot;_skin&quot;:&quot;post&quot;,&quot;columns_tablet&quot;:&quot;2&quot;,&quot;columns_mobile&quot;:&quot;1&quot;,&quot;edit_handle_selector&quot;:&quot;[data-elementor-type=\\&quot;loop-item\\&quot;]&quot;,&quot;row_gap_tablet&quot;:{&quot;unit&quot;:&quot;px&quot;,&quot;size&quot;:&quot;&quot;,&quot;sizes&quot;:[]},&quot;row_gap_mobile&quot;:{&quot;unit&quot;:&quot;px&quot;,&quot;size&quot;:&quot;&quot;,&quot;sizes&quot;:[]}}\" data-widget_type=\"loop-grid.post\">\n\t\t\t\t<div class=\"elementor-widget-container\">\n\t\t\t\t\t\t\t<div class=\"elementor-loop-container elementor-grid\" role=\"list\">\n\t\t<style id=\"loop-990197\">.elementor-990197 .elementor-element.elementor-element-cc4c972{--display:flex;--border-radius:16px 16px 16px 16px;box-shadow:0px 9px 5px -8px rgba(0,0,0,0.5);--padding-top:25px;--padding-bottom:25px;--padding-left:25px;--padding-right:25px;}.elementor-990197 .elementor-element.elementor-element-cc4c972:not(.elementor-motion-effects-element-type-background), .elementor-990197 .elementor-element.elementor-element-cc4c972 > .elementor-motion-effects-container > .elementor-motion-effects-layer{background-color:var( --e-global-color-vamtam_accent_5 );}.elementor-990197 .elementor-element.elementor-element-b8f931a{--display:flex;--padding-top:0px;--padding-bottom:20px;--padding-left:0px;--padding-right:0px;}.elementor-990197 .elementor-element.elementor-element-fbe234d{--spacer-size:20px;}.elementor-990197 .elementor-element.elementor-element-5a3dd27{text-align:start;}.elementor-990197 .elementor-element.elementor-element-5a3dd27 img{width:100%;height:50px;object-fit:contain;object-position:center left;}.elementor-990197 .elementor-element.elementor-element-68e1fa3{--display:flex;--justify-content:flex-start;--padding-top:0px;--padding-bottom:0px;--padding-left:0px;--padding-right:0px;}.elementor-990197 .elementor-element.elementor-element-0048955 .elementor-heading-title{font-family:var( --e-global-typography-vamtam_h5-font-family ), Sans-serif;font-size:var( --e-global-typography-vamtam_h5-font-size );font-weight:var( --e-global-typography-vamtam_h5-font-weight );text-transform:var( --e-global-typography-vamtam_h5-text-transform );line-height:var( --e-global-typography-vamtam_h5-line-height );letter-spacing:var( --e-global-typography-vamtam_h5-letter-spacing );}.elementor-990197 .elementor-element.elementor-element-bb5acd1{--display:flex;--padding-top:0px;--padding-bottom:0px;--padding-left:0px;--padding-right:0px;}.elementor-990197 .elementor-element.elementor-element-a0922e8{--display:flex;--padding-top:20px;--padding-bottom:0px;--padding-left:0px;--padding-right:0px;}.elementor-990197 .elementor-element.elementor-element-4f229e8 .elementor-button-content-wrapper{flex-direction:row-reverse;}@media(max-width:1024px){.elementor-990197 .elementor-element.elementor-element-cc4c972{--justify-content:flex-start;}.elementor-990197 .elementor-element.elementor-element-0048955 .elementor-heading-title{font-size:var( --e-global-typography-vamtam_h5-font-size );line-height:var( --e-global-typography-vamtam_h5-line-height );letter-spacing:var( --e-global-typography-vamtam_h5-letter-spacing );}}@media(min-width:768px){.elementor-990197 .elementor-element.elementor-element-cc4c972{--width:100%;}}@media(max-width:1024px) and (min-width:768px){.elementor-990197 .elementor-element.elementor-element-cc4c972{--width:100%;}}@media(max-width:767px){.elementor-990197 .elementor-element.elementor-element-cc4c972{--width:calc( 100% - 0px);}.elementor-990197 .elementor-element.elementor-element-0048955 .elementor-heading-title{font-size:var( --e-global-typography-vamtam_h5-font-size );line-height:var( --e-global-typography-vamtam_h5-line-height );letter-spacing:var( --e-global-typography-vamtam_h5-letter-spacing );}}<\/style>\t\t<div data-elementor-type=\"loop-item\" data-elementor-id=\"990197\" class=\"elementor elementor-990197 elementor-11943 elementor-11943 e-loop-item e-loop-item-990039 post-990039 labor type-labor status-publish format-standard has-post-thumbnail hentry category-consulting category-emission category-floor category-poland category-water\" data-elementor-post-type=\"elementor_library\" data-custom-edit-handle=\"1\">\n\t\t\t<a class=\"elementor-element elementor-element-cc4c972 e-con-full e-flex e-con e-parent\" data-id=\"cc4c972\" data-element_type=\"container\" data-e-type=\"container\" id=\"lab-card\" data-settings=\"{&quot;background_background&quot;:&quot;classic&quot;}\" href=\"https:\/\/gwtest.eu\/en\/labor\/osrodek-badan-podstawowych-projektow-i-wdrozen-ochrony-srodowiska-i-biotechnologii-oikos-sp-z-o-o\/\">\n\t\t<div class=\"elementor-element elementor-element-b8f931a e-flex e-con-boxed e-con e-child\" data-id=\"b8f931a\" data-element_type=\"container\" data-e-type=\"container\">\n\t\t\t\t\t<div class=\"e-con-inner\">\n\t\t\t\t<div class=\"elementor-element elementor-element-fbe234d elementor-widget elementor-widget-spacer\" data-id=\"fbe234d\" data-element_type=\"widget\" data-e-type=\"widget\" data-widget_type=\"spacer.default\">\n\t\t\t\t<div class=\"elementor-widget-container\">\n\t\t\t\t\t\t\t<div class=\"elementor-spacer\">\n\t\t\t<div class=\"elementor-spacer-inner\"><\/div>\n\t\t<\/div>\n\t\t\t\t\t\t<\/div>\n\t\t\t\t<\/div>\n\t\t\t\t<div class=\"elementor-element elementor-element-5a3dd27 elementor-widget elementor-widget-image\" data-id=\"5a3dd27\" data-element_type=\"widget\" data-e-type=\"widget\" data-widget_type=\"image.default\">\n\t\t\t\t<div class=\"elementor-widget-container\">\n\t\t\t\t\t\t\t\t\t\t\t\t\t\t\t<img fetchpriority=\"high\" decoding=\"async\" width=\"1024\" height=\"1013\" src=\"https:\/\/gwtest.eu\/wp-content\/uploads\/2025\/05\/OIKOS-Logo-1024x1013.webp\" class=\"attachment-large size-large wp-image-990046\" alt=\"\" srcset=\"https:\/\/gwtest.eu\/wp-content\/uploads\/2025\/05\/OIKOS-Logo-1024x1013.webp 1024w, https:\/\/gwtest.eu\/wp-content\/uploads\/2025\/05\/OIKOS-Logo-300x297.webp 300w, https:\/\/gwtest.eu\/wp-content\/uploads\/2025\/05\/OIKOS-Logo-768x760.webp 768w, https:\/\/gwtest.eu\/wp-content\/uploads\/2025\/05\/OIKOS-Logo-770x762.webp 770w, https:\/\/gwtest.eu\/wp-content\/uploads\/2025\/05\/OIKOS-Logo.webp 1311w\" sizes=\"(max-width: 1024px) 100vw, 1024px\" \/>\t\t\t\t\t\t\t\t\t\t\t\t\t\t\t<\/div>\n\t\t\t\t<\/div>\n\t\t\t\t\t<\/div>\n\t\t\t\t<\/div>\n\t\t<div class=\"elementor-element elementor-element-68e1fa3 e-flex e-con-boxed e-con e-child\" data-id=\"68e1fa3\" data-element_type=\"container\" data-e-type=\"container\">\n\t\t\t\t\t<div class=\"e-con-inner\">\n\t\t\t\t<div class=\"elementor-element elementor-element-0048955 elementor-widget elementor-widget-heading\" data-id=\"0048955\" data-element_type=\"widget\" data-e-type=\"widget\" data-widget_type=\"heading.default\">\n\t\t\t\t<div class=\"elementor-widget-container\">\n\t\t\t\t\t<h2 class=\"elementor-heading-title elementor-size-default\">O\u015brodek Bada\u0144 Podstawowych, Projekt\u00f3w i Wdro\u017ce\u0144, Ochrony \u015arodowiska i Biotechnologii &#8220;OIKOS&#8221; sp. z o.o.<\/h2>\t\t\t\t<\/div>\n\t\t\t\t<\/div>\n\t\t\t\t<div class=\"elementor-element elementor-element-a2d0e61 elementor-widget elementor-widget-text-editor\" data-id=\"a2d0e61\" data-element_type=\"widget\" data-e-type=\"widget\" data-widget_type=\"text-editor.default\">\n\t\t\t\t<div class=\"elementor-widget-container\">\n\t\t\t\t\t\t\t\t\tOIKOS is an accredited testing laboratory with over 35 years of experience in the analysis of air, exhaust gas and environmental samples. It offers state-of-the-art chemical and physical measurements as well as suitability tests according to international standards.\t\t\t\t\t\t\t\t<\/div>\n\t\t\t\t<\/div>\n\t\t\t\t\t<\/div>\n\t\t\t\t<\/div>\n\t\t\t\t<\/a>\n\t\t<div class=\"elementor-element elementor-element-bb5acd1 e-flex e-con-boxed e-con e-parent\" data-id=\"bb5acd1\" data-element_type=\"container\" data-e-type=\"container\">\n\t\t\t\t\t<div class=\"e-con-inner\">\n\t\t<div class=\"elementor-element elementor-element-a0922e8 e-flex e-con-boxed e-con e-child\" data-id=\"a0922e8\" data-element_type=\"container\" data-e-type=\"container\">\n\t\t\t\t\t<div class=\"e-con-inner\">\n\t\t\t\t<div class=\"elementor-element elementor-element-4f229e8 elementor-widget elementor-widget-button\" data-id=\"4f229e8\" data-element_type=\"widget\" data-e-type=\"widget\" data-widget_type=\"button.default\">\n\t\t\t\t<div class=\"elementor-widget-container\">\n\t\t\t\t\t\t\t\t\t<div class=\"elementor-button-wrapper\">\n\t\t\t\t\t<a class=\"elementor-button elementor-button-link elementor-size-sm\" href=\"https:\/\/gwtest.eu\/en\/labor\/osrodek-badan-podstawowych-projektow-i-wdrozen-ochrony-srodowiska-i-biotechnologii-oikos-sp-z-o-o\/\">\n\t\t\t\t\t\t<span class=\"elementor-button-content-wrapper\">\n\t\t\t\t\t\t<span class=\"elementor-button-icon\">\n\t\t\t\t<i aria-hidden=\"true\" class=\"vamtamtheme- vamtam-theme-arrow-right\"><\/i>\t\t\t<\/span>\n\t\t\t\t\t\t\t\t\t<span class=\"elementor-button-text\">Learn more<\/span>\n\t\t\t\t\t<\/span>\n\t\t\t\t\t<\/a>\n\t\t\t\t<\/div>\n\t\t\t\t\t\t\t\t<\/div>\n\t\t\t\t<\/div>\n\t\t\t\t\t<\/div>\n\t\t\t\t<\/div>\n\t\t\t\t\t<\/div>\n\t\t\t\t<\/div>\n\t\t\t\t<\/div>\n\t\t\t\t<\/div>\n\t\t\n\t\t\t\t\t\t<\/div>\n\t\t\t\t<\/div>\n\t\t\t\t\t<\/div>\n\t\t\t\t<\/div>\n\t\t\t\t<\/div>\n\t\t\t\t<\/div>\n\t\t","protected":false},"excerpt":{"rendered":"<p>viridiusLAB partner laboratories in Poland Poland strengthens the viridiusLAB network with high-performance laboratories that offer a wide range of modern&#8230;<\/p>\n","protected":false},"author":1,"featured_media":990096,"parent":0,"menu_order":0,"comment_status":"closed","ping_status":"closed","template":"","meta":{"_acf_changed":false,"_angie_page":false,"footnotes":""},"class_list":["post-990271","page","type-page","status-publish","has-post-thumbnail","hentry"],"acf":[],"_links":{"self":[{"href":"https:\/\/gwtest.eu\/en\/wp-json\/wp\/v2\/pages\/990271","targetHints":{"allow":["GET"]}}],"collection":[{"href":"https:\/\/gwtest.eu\/en\/wp-json\/wp\/v2\/pages"}],"about":[{"href":"https:\/\/gwtest.eu\/en\/wp-json\/wp\/v2\/types\/page"}],"author":[{"embeddable":true,"href":"https:\/\/gwtest.eu\/en\/wp-json\/wp\/v2\/users\/1"}],"replies":[{"embeddable":true,"href":"https:\/\/gwtest.eu\/en\/wp-json\/wp\/v2\/comments?post=990271"}],"version-history":[{"count":1,"href":"https:\/\/gwtest.eu\/en\/wp-json\/wp\/v2\/pages\/990271\/revisions"}],"predecessor-version":[{"id":990272,"href":"https:\/\/gwtest.eu\/en\/wp-json\/wp\/v2\/pages\/990271\/revisions\/990272"}],"wp:featuredmedia":[{"embeddable":true,"href":"https:\/\/gwtest.eu\/en\/wp-json\/wp\/v2\/media\/990096"}],"wp:attachment":[{"href":"https:\/\/gwtest.eu\/en\/wp-json\/wp\/v2\/media?parent=990271"}],"curies":[{"name":"wp","href":"https:\/\/api.w.org\/{rel}","templated":true}]}}